{"id":688,"date":"2024-11-19T14:17:37","date_gmt":"2024-11-19T14:17:37","guid":{"rendered":"https:\/\/elordendeloslibros.com\/?page_id=688"},"modified":"2025-03-03T20:37:52","modified_gmt":"2025-03-03T20:37:52","slug":"free-book-summaries","status":"publish","type":"page","link":"https:\/\/elordendeloslibros.com\/en\/free-book-summaries\/","title":{"rendered":"Free book summaries"},"content":{"rendered":"<h2 class=\"wp-block-heading\"><strong>Do you need book summaries? Free and in an instant? Don&#039;t wait any longer<\/strong><\/h2>\n\n\n\n<p>Welcome to the place where <strong>Technology meets your love of reading<\/strong>. You won&#039;t find saved summaries here, but something much better: <a href=\"https:\/\/elordendeloslibros.com\/en\/the-free-personalized-book-recommender\/\">The Virtual Bookseller<\/a>, a <strong>Smart chatbot that can give you personalized book summaries in seconds<\/strong>. <\/p>\n\n\n\n<p>Imagine being able to know the key points of any book, discuss the main topics, have a free online summary and 100% without having to search multiple sources or browse through endless pages.<\/p>\n\n\n\n<p class=\"has-text-align-center\">\u2733\ufe0f <strong>A tip!<\/strong> \u2733\ufe0f<\/p>\n\n\n\n<p class=\"has-text-align-center\"><em><strong>To get the best results with book summaries, try to provide specific details about the title and author, that&#039;s all. You&#039;ll get much better results. <\/strong><\/em><\/p>\n\n\n\n<h2 class=\"wp-block-heading has-text-align-center\" id=\"0-pru%C3%A9balo-%E2%8F%AC\">Try it \u23ec<\/h2>\n\n\n<div class='mwai-chatbot-container' data-params='{&quot;aiName&quot;:&quot;Bot:&quot;,&quot;userName&quot;:&quot;Yo:&quot;,&quot;guestName&quot;:&quot;Yo:&quot;,&quot;aiAvatar&quot;:1,&quot;aiAvatarUrl&quot;:&quot;chat-robot-2.svg&quot;,&quot;textSend&quot;:&quot;Enviar&quot;,&quot;textClear&quot;:&quot;Limpiar&quot;,&quot;imageUpload&quot;:false,&quot;fileUpload&quot;:false,&quot;multiUpload&quot;:false,&quot;maxUploads&quot;:1,&quot;fileUploads&quot;:0,&quot;mode&quot;:&quot;chat&quot;,&quot;textInputPlaceholder&quot;:&quot;Escribe el t\\u00edtulo aqu\\u00ed&quot;,&quot;textInputMaxLength&quot;:2048,&quot;textCompliance&quot;:&quot;&quot;,&quot;startSentence&quot;:&quot;\\u00a1Hola! Dime el t\\u00edtulo y el autor del libro que quieres que resuma y lo har\\u00e9 enseguida:&quot;,&quot;localMemory&quot;:false,&quot;themeId&quot;:&quot;chatgpt&quot;,&quot;window&quot;:false,&quot;icon&quot;:&quot;&quot;,&quot;iconText&quot;:&quot;&quot;,&quot;iconTextDelay&quot;:1,&quot;iconAlt&quot;:&quot;AI Engine Chatbot&quot;,&quot;iconPosition&quot;:&quot;bottom-right&quot;,&quot;centerOpen&quot;:false,&quot;width&quot;:&quot;&quot;,&quot;openDelay&quot;:&quot;&quot;,&quot;iconBubble&quot;:false,&quot;windowAnimation&quot;:&quot;zoom&quot;,&quot;fullscreen&quot;:false,&quot;copyButton&quot;:true,&quot;headerSubtitle&quot;:&quot;Discuss with&quot;,&quot;containerType&quot;:&quot;standard&quot;,&quot;headerType&quot;:&quot;standard&quot;,&quot;messagesType&quot;:&quot;standard&quot;,&quot;inputType&quot;:&quot;standard&quot;,&quot;footerType&quot;:&quot;standard&quot;}' data-system='{&quot;botId&quot;:&quot;Res\\u00famenes de libros&quot;,&quot;customId&quot;:null,&quot;userData&quot;:null,&quot;sessionId&quot;:&quot;69d273f7acf14&quot;,&quot;restNonce&quot;:null,&quot;contextId&quot;:null,&quot;pluginUrl&quot;:&quot;https:\\\/\\\/elordendeloslibros.com\\\/wp-content\\\/plugins\\\/ai-engine&quot;,&quot;restUrl&quot;:&quot;https:\\\/\\\/elordendeloslibros.com\\\/en\\\/wp-json&quot;,&quot;stream&quot;:false,&quot;debugMode&quot;:false,&quot;eventLogs&quot;:false,&quot;speech_recognition&quot;:false,&quot;speech_synthesis&quot;:false,&quot;typewriter&quot;:false,&quot;crossSite&quot;:false,&quot;actions&quot;:[],&quot;blocks&quot;:[],&quot;shortcuts&quot;:[]}' data-theme='{&quot;type&quot;:&quot;internal&quot;,&quot;name&quot;:&quot;ChatGPT&quot;,&quot;themeId&quot;:&quot;chatgpt&quot;,&quot;settings&quot;:[],&quot;style&quot;:&quot;&quot;,&quot;cssUrl&quot;:&quot;https:\\\/\\\/elordendeloslibros.com\\\/wp-content\\\/plugins\\\/ai-engine\\\/themes\\\/chatgpt.css&quot;}'><\/div>\n\n\n\n<p class=\"has-text-align-center\"><strong>If you found it useful, please feel free to share it!<\/strong> It helps me a lot to continue\ud83d\udc4d<\/p>\n\n\n\n<div data-aos= \"fade-up\" data-aos-duration=\"400\" data-aos-delay=\"0\" data-aos-easing=\"ease\" data-aos-once=\"true\" class=\"wp-block-uagb-social-share uagb-social-share__outer-wrap uagb-social-share__layout-horizontal uagb-block-356d45af\">\n<div class=\"wp-block-uagb-social-share-child uagb-ss-repeater uagb-ss__wrapper uagb-block-d56e258a\"><span class=\"uagb-ss__link\" data-href=\"https:\/\/www.facebook.com\/sharer.php?u=\" tabindex=\"0\" role=\"button\" aria-label=\"facebook\"><span class=\"uagb-ss__source-wrap\"><span class=\"uagb-ss__source-icon\"><svg xmlns=\"https:\/\/www.w3.org\/2000\/svg\" viewbox=\"0 0 512 512\"><path d=\"M504 256C504 119 393 8 256 8S8 119 8 256c0 123.8 90.69 226.4 209.3 245V327.7h-63V256h63v-54.64c0-62.15 37-96.48 93.67-96.48 27.14 0 55.52 4.84 55.52 4.84v61h-31.28c-30.8 0-40.41 19.12-40.41 38.73V256h68.78l-11 71.69h-57.78V501C413.3 482.4 504 379.8 504 256z\"><\/path><\/svg><\/span><\/span><\/span><\/div>\n\n\n\n<div class=\"wp-block-uagb-social-share-child uagb-ss-repeater uagb-ss__wrapper uagb-block-3ae9f51f\"><span class=\"uagb-ss__link\" data-href=\"https:\/\/twitter.com\/share?url=\" tabindex=\"0\" role=\"button\" aria-label=\"twitter\"><span class=\"uagb-ss__source-wrap\"><span class=\"uagb-ss__source-icon\"><svg xmlns=\"https:\/\/www.w3.org\/2000\/svg\" viewbox=\"0 0 448 512\"><path d=\"M400 32H48C21.5 32 0 53.5 0 80v352c0 26.5 21.5 48 48 48h352c26.5 0 48-21.5 48-48V80c0-26.5-21.5-48-48-48zm-48.9 158.8c.2 2.8 .2 5.7 .2 8.5 0 86.7-66 186.6-186.6 186.6-37.2 0-71.7-10.8-100.7-29.4 5.3 .6 10.4 .8 15.8 .8 30.7 0 58.9-10.4 81.4-28-28.8-.6-53-19.5-61.3-45.5 10.1 1.5 19.2 1.5 29.6-1.2-30-6.1-52.5-32.5-52.5-64.4v-.8c8.7 4.9 18.9 7.9 29.6 8.3a65.45 65.45 0 0 1 -29.2-54.6c0-12.2 3.2-23.4 8.9-33.1 32.3 39.8 80.8 65.8 135.2 68.6-9.3-44.5 24-80.6 64-80.6 18.9 0 35.9 7.9 47.9 20.7 14.8-2.8 29-8.3 41.6-15.8-4.9 15.2-15.2 28-28.8 36.1 13.2-1.4 26-5.1 37.8-10.2-8.9 13.1-20.1 24.7-32.9 34z\"><\/path><\/svg><\/span><\/span><\/span><\/div>\n\n\n\n<div class=\"wp-block-uagb-social-share-child uagb-ss-repeater uagb-ss__wrapper uagb-block-426cd56d\"><span class=\"uagb-ss__link\" data-href=\"https:\/\/pinterest.com\/pin\/create\/link\/?url=\" tabindex=\"0\" role=\"button\" aria-label=\"pinterest\"><span class=\"uagb-ss__source-wrap\"><span class=\"uagb-ss__source-icon\"><svg xmlns=\"https:\/\/www.w3.org\/2000\/svg\" viewbox=\"0 0 448 512\"><path d=\"M448 80v352c0 26.5-21.5 48-48 48H154.4c9.8-16.4 22.4-40 27.4-59.3 3-11.5 15.3-58.4 15.3-58.4 8 15.3 31.4 28.2 56.3 28.2 74.1 0 127.4-68.1 127.4-152.7 0-81.1-66.2-141.8-151.4-141.8-106 0-162.2 71.1-162.2 148.6 0 36 19.2 80.8 49.8 95.1 4.7 2.2 7.1 1.2 8.2-3.3 .8-3.4 5-20.1 6.8-27.8 .6-2.5 .3-4.6-1.7-7-10.1-12.3-18.3-34.9-18.3-56 0-54.2 41-106.6 110.9-106.6 60.3 0 102.6 41.1 102.6 99.9 0 66.4-33.5 112.4-77.2 112.4-24.1 0-42.1-19.9-36.4-44.4 6.9-29.2 20.3-60.7 20.3-81.8 0-53-75.5-45.7-75.5 25 0 21.7 7.3 36.5 7.3 36.5-31.4 132.8-36.1 134.5-29.6 192.6l2.2 .8H48c-26.5 0-48-21.5-48-48V80c0-26.5 21.5-48 48-48h352c26.5 0 48 21.5 48 48z\"><\/path><\/svg><\/span><\/span><\/span><\/div>\n\n\n\n<div class=\"wp-block-uagb-social-share-child uagb-ss-repeater uagb-ss__wrapper uagb-block-e5ff6b82\"><span class=\"uagb-ss__link\" data-href=\"https:\/\/www.linkedin.com\/shareArticle?url=\" tabindex=\"0\" role=\"button\" aria-label=\"linkedin\"><span class=\"uagb-ss__source-wrap\"><span class=\"uagb-ss__source-icon\"><svg xmlns=\"https:\/\/www.w3.org\/2000\/svg\" viewbox=\"0 0 448 512\"><path d=\"M416 32H31.9C14.3 32 0 46.5 0 64.3v383.4C0 465.5 14.3 480 31.9 480H416c17.6 0 32-14.5 32-32.3V64.3c0-17.8-14.4-32.3-32-32.3zM135.4 416H69V202.2h66.5V416zm-33.2-243c-21.3 0-38.5-17.3-38.5-38.5S80.9 96 102.2 96c21.2 0 38.5 17.3 38.5 38.5 0 21.3-17.2 38.5-38.5 38.5zm282.1 243h-66.4V312c0-24.8-.5-56.7-34.5-56.7-34.6 0-39.9 27-39.9 54.9V416h-66.4V202.2h63.7v29.2h.9c8.9-16.8 30.6-34.5 62.9-34.5 67.2 0 79.7 44.3 79.7 101.9V416z\"><\/path><\/svg><\/span><\/span><\/span><\/div>\n<\/div>\n\n\n\n<h3 class=\"wp-block-heading\">How Does the Book Summary Chatbot Work?<\/h3>\n\n\n\n<p>This chatbot is designed so you can <strong>Get free book summaries<\/strong> <strong>quickly and easily<\/strong>. <\/p>\n\n\n\n<p>Simply, <strong>Write the title and author of the book you want to know about<\/strong>, and the chatbot will offer you <strong>an accurate and concise summary<\/strong>, highlighting the main points and most important ideas.<\/p>\n\n\n\n<p><strong>Do you want a summary of El Lazarillo de Tormes? Just ask and you&#039;ll get it. Are you interested in a summary of The Little Prince? You&#039;ll have it ready in a minute. Have you tried it yet?<\/strong><\/p>\n\n\n\n<h3 class=\"wp-block-heading\">Considerations to take into account<\/h3>\n\n\n\n<ul class=\"wp-block-list\">\n<li>Be aware that although it is well programmed, it can be buggy. Make sure you don&#039;t blindly trust everything it says and read it thoroughly before using it. <strong>It is reliable, but not at 100%<\/strong>. Be careful.<\/li>\n\n\n\n<li>Depending on the length of the book it may take a little longer, but keep in mind that <strong>You will usually have the results in less than 30 seconds.<\/strong>.Be patient! <\/li>\n\n\n\n<li>Summaries are limited to about 1000 words, which is enough to get a perfect summary result. If you want a longer summary, you can write to me on Instagram and we can arrange it.<\/li>\n<\/ul>\n\n\n\n<p>Forget about having to read long summaries or wasting time searching the web. With this chatbot, you can have the information you need instantly.<\/p>\n\n\n\n<h3 class=\"wp-block-heading\">Advantages of Book Summary Chatbot<\/h3>\n\n\n\n<ul class=\"wp-block-list\">\n<li><strong>Fast and Accurate<\/strong>: Get clear summaries in seconds.<\/li>\n\n\n\n<li><strong>Unlimited Access<\/strong>: Request as many summaries as you like, free of charge.<\/li>\n\n\n\n<li><strong>Interactivity<\/strong>: It&#039;s not just a page with static content; our chatbot is ready to answer you 24 hours a day, helping you learn more about your favorite books.<\/li>\n<\/ul>\n\n\n\n<h3 class=\"wp-block-heading\">Try it Now!<\/h3>\n\n\n\n<p>If you&#039;ve ever wanted to know the essence of a book without having to commit hours of reading, our <strong>free book summary chatbot<\/strong> is here for you. It&#039;s as easy as typing the name of the book, the author and receiving the summary directly!<\/p>\n\n\n\n<p>Let our chatbot accompany you on your literary journey and discover the best of each book without any complications!<\/p>","protected":false},"excerpt":{"rendered":"<p>\u00bfNecesitas res\u00famenes de libros? \u00bfGratis y en un instante? No esperes m\u00e1s Bienvenido al lugar donde la tecnolog\u00eda se une con tu amor por la lectura. Aqu\u00ed no encontrar\u00e1s res\u00famenes guardados, sino algo mucho mejor: El Librero Virtual, un chatbot inteligente que puede ofrecerte res\u00famenes de libros personalizados en cuesti\u00f3n de segundos. Imagina poder conocer [&hellip;]<\/p>\n","protected":false},"author":1,"featured_media":698,"parent":0,"menu_order":0,"comment_status":"closed","ping_status":"closed","template":"","meta":{"_uag_custom_page_level_css":"","footnotes":""},"class_list":["post-688","page","type-page","status-publish","has-post-thumbnail","hentry"],"blocksy_meta":[],"featured_image_src":"https:\/\/elordendeloslibros.com\/wp-content\/uploads\/2024\/11\/resumenes.webp","yoast_head":"<!-- This site is optimized with the Yoast SEO plugin v27.3 - https:\/\/yoast.com\/product\/yoast-seo-wordpress\/ -->\n<title>Pru\u00e9balo ya: Res\u00famenes de cualquier libro 100% gratis<\/title>\n<meta name=\"description\" content=\"Obt\u00e9n res\u00famenes de libros 100% gratuitos con esta herramienta de Inteligencia Artificial creada exclusivamente para ello.\" \/>\n<meta name=\"robots\" content=\"index, follow, max-snippet:-1, max-image-preview:large, max-video-preview:-1\" \/>\n<link rel=\"canonical\" href=\"https:\/\/elordendeloslibros.com\/en\/free-book-summaries\/\" \/>\n<meta property=\"og:locale\" content=\"en_US\" \/>\n<meta property=\"og:type\" content=\"article\" \/>\n<meta property=\"og:title\" content=\"Pru\u00e9balo ya: Res\u00famenes de cualquier libro 100% gratis\" \/>\n<meta property=\"og:description\" content=\"Obt\u00e9n res\u00famenes de libros 100% gratuitos con esta herramienta de Inteligencia Artificial creada exclusivamente para ello.\" \/>\n<meta property=\"og:url\" content=\"https:\/\/elordendeloslibros.com\/en\/free-book-summaries\/\" \/>\n<meta property=\"og:site_name\" content=\"elordendeloslibros.com\" \/>\n<meta property=\"article:modified_time\" content=\"2025-03-03T20:37:52+00:00\" \/>\n<meta property=\"og:image\" content=\"https:\/\/elordendeloslibros.com\/wp-content\/uploads\/2024\/11\/resumenes.webp\" \/>\n\t<meta property=\"og:image:width\" content=\"1920\" \/>\n\t<meta property=\"og:image:height\" content=\"1080\" \/>\n\t<meta property=\"og:image:type\" content=\"image\/webp\" \/>\n<meta name=\"twitter:card\" content=\"summary_large_image\" \/>\n<meta name=\"twitter:label1\" content=\"Est. reading time\" \/>\n\t<meta name=\"twitter:data1\" content=\"3 minutes\" \/>\n<script type=\"application\/ld+json\" class=\"yoast-schema-graph\">{\"@context\":\"https:\\\/\\\/schema.org\",\"@graph\":[{\"@type\":\"WebPage\",\"@id\":\"https:\\\/\\\/elordendeloslibros.com\\\/resumenes-de-libros-gratis\\\/\",\"url\":\"https:\\\/\\\/elordendeloslibros.com\\\/resumenes-de-libros-gratis\\\/\",\"name\":\"Pru\u00e9balo ya: Res\u00famenes de cualquier libro 100% gratis\",\"isPartOf\":{\"@id\":\"https:\\\/\\\/elordendeloslibros.com\\\/#website\"},\"primaryImageOfPage\":{\"@id\":\"https:\\\/\\\/elordendeloslibros.com\\\/resumenes-de-libros-gratis\\\/#primaryimage\"},\"image\":{\"@id\":\"https:\\\/\\\/elordendeloslibros.com\\\/resumenes-de-libros-gratis\\\/#primaryimage\"},\"thumbnailUrl\":\"https:\\\/\\\/elordendeloslibros.com\\\/wp-content\\\/uploads\\\/2024\\\/11\\\/resumenes.webp\",\"datePublished\":\"2024-11-19T14:17:37+00:00\",\"dateModified\":\"2025-03-03T20:37:52+00:00\",\"description\":\"Obt\u00e9n res\u00famenes de libros 100% gratuitos con esta herramienta de Inteligencia Artificial creada exclusivamente para ello.\",\"breadcrumb\":{\"@id\":\"https:\\\/\\\/elordendeloslibros.com\\\/resumenes-de-libros-gratis\\\/#breadcrumb\"},\"inLanguage\":\"en-US\",\"potentialAction\":[{\"@type\":\"ReadAction\",\"target\":[\"https:\\\/\\\/elordendeloslibros.com\\\/resumenes-de-libros-gratis\\\/\"]}]},{\"@type\":\"ImageObject\",\"inLanguage\":\"en-US\",\"@id\":\"https:\\\/\\\/elordendeloslibros.com\\\/resumenes-de-libros-gratis\\\/#primaryimage\",\"url\":\"https:\\\/\\\/elordendeloslibros.com\\\/wp-content\\\/uploads\\\/2024\\\/11\\\/resumenes.webp\",\"contentUrl\":\"https:\\\/\\\/elordendeloslibros.com\\\/wp-content\\\/uploads\\\/2024\\\/11\\\/resumenes.webp\",\"width\":1920,\"height\":1080},{\"@type\":\"BreadcrumbList\",\"@id\":\"https:\\\/\\\/elordendeloslibros.com\\\/resumenes-de-libros-gratis\\\/#breadcrumb\",\"itemListElement\":[{\"@type\":\"ListItem\",\"position\":1,\"name\":\"Portada\",\"item\":\"https:\\\/\\\/elordendeloslibros.com\\\/\"},{\"@type\":\"ListItem\",\"position\":2,\"name\":\"Res\u00famenes de libros gratis\"}]},{\"@type\":\"WebSite\",\"@id\":\"https:\\\/\\\/elordendeloslibros.com\\\/#website\",\"url\":\"https:\\\/\\\/elordendeloslibros.com\\\/\",\"name\":\"El Orden de los Libros\",\"description\":\"\u00bfTe gusta leer? Magn\u00edfico. Est\u00e1s en tu casa.\",\"publisher\":{\"@id\":\"https:\\\/\\\/elordendeloslibros.com\\\/#\\\/schema\\\/person\\\/b1a72b9ec129b82c6097e1b5e6ec2825\"},\"potentialAction\":[{\"@type\":\"SearchAction\",\"target\":{\"@type\":\"EntryPoint\",\"urlTemplate\":\"https:\\\/\\\/elordendeloslibros.com\\\/?s={search_term_string}\"},\"query-input\":{\"@type\":\"PropertyValueSpecification\",\"valueRequired\":true,\"valueName\":\"search_term_string\"}}],\"inLanguage\":\"en-US\"},{\"@type\":[\"Person\",\"Organization\"],\"@id\":\"https:\\\/\\\/elordendeloslibros.com\\\/#\\\/schema\\\/person\\\/b1a72b9ec129b82c6097e1b5e6ec2825\",\"name\":\"El Orden De Los Libros\",\"image\":{\"@type\":\"ImageObject\",\"inLanguage\":\"en-US\",\"@id\":\"https:\\\/\\\/elordendeloslibros.com\\\/wp-content\\\/uploads\\\/2025\\\/03\\\/Logo-minimal-cuadrado.png\",\"url\":\"https:\\\/\\\/elordendeloslibros.com\\\/wp-content\\\/uploads\\\/2025\\\/03\\\/Logo-minimal-cuadrado.png\",\"contentUrl\":\"https:\\\/\\\/elordendeloslibros.com\\\/wp-content\\\/uploads\\\/2025\\\/03\\\/Logo-minimal-cuadrado.png\",\"width\":1024,\"height\":1024,\"caption\":\"El Orden De Los Libros\"},\"logo\":{\"@id\":\"https:\\\/\\\/elordendeloslibros.com\\\/wp-content\\\/uploads\\\/2025\\\/03\\\/Logo-minimal-cuadrado.png\"},\"sameAs\":[\"http:\\\/\\\/elordendeloslibros.com\"]}]}<\/script>\n<!-- \/ Yoast SEO plugin. -->","yoast_head_json":{"title":"Try it now: Summaries of any 100% book for free","description":"Get free 100% book summaries with this AI tool created exclusively for this purpose.","robots":{"index":"index","follow":"follow","max-snippet":"max-snippet:-1","max-image-preview":"max-image-preview:large","max-video-preview":"max-video-preview:-1"},"canonical":"https:\/\/elordendeloslibros.com\/en\/free-book-summaries\/","og_locale":"en_US","og_type":"article","og_title":"Pru\u00e9balo ya: Res\u00famenes de cualquier libro 100% gratis","og_description":"Obt\u00e9n res\u00famenes de libros 100% gratuitos con esta herramienta de Inteligencia Artificial creada exclusivamente para ello.","og_url":"https:\/\/elordendeloslibros.com\/en\/free-book-summaries\/","og_site_name":"elordendeloslibros.com","article_modified_time":"2025-03-03T20:37:52+00:00","og_image":[{"width":1920,"height":1080,"url":"https:\/\/elordendeloslibros.com\/wp-content\/uploads\/2024\/11\/resumenes.webp","type":"image\/webp"}],"twitter_card":"summary_large_image","twitter_misc":{"Est. reading time":"3 minutes"},"schema":{"@context":"https:\/\/schema.org","@graph":[{"@type":"WebPage","@id":"https:\/\/elordendeloslibros.com\/resumenes-de-libros-gratis\/","url":"https:\/\/elordendeloslibros.com\/resumenes-de-libros-gratis\/","name":"Try it now: Summaries of any 100% book for free","isPartOf":{"@id":"https:\/\/elordendeloslibros.com\/#website"},"primaryImageOfPage":{"@id":"https:\/\/elordendeloslibros.com\/resumenes-de-libros-gratis\/#primaryimage"},"image":{"@id":"https:\/\/elordendeloslibros.com\/resumenes-de-libros-gratis\/#primaryimage"},"thumbnailUrl":"https:\/\/elordendeloslibros.com\/wp-content\/uploads\/2024\/11\/resumenes.webp","datePublished":"2024-11-19T14:17:37+00:00","dateModified":"2025-03-03T20:37:52+00:00","description":"Get free 100% book summaries with this AI tool created exclusively for this purpose.","breadcrumb":{"@id":"https:\/\/elordendeloslibros.com\/resumenes-de-libros-gratis\/#breadcrumb"},"inLanguage":"en-US","potentialAction":[{"@type":"ReadAction","target":["https:\/\/elordendeloslibros.com\/resumenes-de-libros-gratis\/"]}]},{"@type":"ImageObject","inLanguage":"en-US","@id":"https:\/\/elordendeloslibros.com\/resumenes-de-libros-gratis\/#primaryimage","url":"https:\/\/elordendeloslibros.com\/wp-content\/uploads\/2024\/11\/resumenes.webp","contentUrl":"https:\/\/elordendeloslibros.com\/wp-content\/uploads\/2024\/11\/resumenes.webp","width":1920,"height":1080},{"@type":"BreadcrumbList","@id":"https:\/\/elordendeloslibros.com\/resumenes-de-libros-gratis\/#breadcrumb","itemListElement":[{"@type":"ListItem","position":1,"name":"Portada","item":"https:\/\/elordendeloslibros.com\/"},{"@type":"ListItem","position":2,"name":"Res\u00famenes de libros gratis"}]},{"@type":"WebSite","@id":"https:\/\/elordendeloslibros.com\/#website","url":"https:\/\/elordendeloslibros.com\/","name":"The Order of Books","description":"Do you like to read? Great. You&#039;re at home.","publisher":{"@id":"https:\/\/elordendeloslibros.com\/#\/schema\/person\/b1a72b9ec129b82c6097e1b5e6ec2825"},"potentialAction":[{"@type":"SearchAction","target":{"@type":"EntryPoint","urlTemplate":"https:\/\/elordendeloslibros.com\/?s={search_term_string}"},"query-input":{"@type":"PropertyValueSpecification","valueRequired":true,"valueName":"search_term_string"}}],"inLanguage":"en-US"},{"@type":["Person","Organization"],"@id":"https:\/\/elordendeloslibros.com\/#\/schema\/person\/b1a72b9ec129b82c6097e1b5e6ec2825","name":"The Order of the Books","image":{"@type":"ImageObject","inLanguage":"en-US","@id":"https:\/\/elordendeloslibros.com\/wp-content\/uploads\/2025\/03\/Logo-minimal-cuadrado.png","url":"https:\/\/elordendeloslibros.com\/wp-content\/uploads\/2025\/03\/Logo-minimal-cuadrado.png","contentUrl":"https:\/\/elordendeloslibros.com\/wp-content\/uploads\/2025\/03\/Logo-minimal-cuadrado.png","width":1024,"height":1024,"caption":"El Orden De Los Libros"},"logo":{"@id":"https:\/\/elordendeloslibros.com\/wp-content\/uploads\/2025\/03\/Logo-minimal-cuadrado.png"},"sameAs":["http:\/\/elordendeloslibros.com"]}]}},"uagb_featured_image_src":{"full":["https:\/\/elordendeloslibros.com\/wp-content\/uploads\/2024\/11\/resumenes.webp",1920,1080,false],"thumbnail":["https:\/\/elordendeloslibros.com\/wp-content\/uploads\/2024\/11\/resumenes-150x150.webp",150,150,true],"medium":["https:\/\/elordendeloslibros.com\/wp-content\/uploads\/2024\/11\/resumenes-300x169.webp",300,169,true],"medium_large":["https:\/\/elordendeloslibros.com\/wp-content\/uploads\/2024\/11\/resumenes-768x432.webp",768,432,true],"large":["https:\/\/elordendeloslibros.com\/wp-content\/uploads\/2024\/11\/resumenes-1024x576.webp",1024,576,true],"1536x1536":["https:\/\/elordendeloslibros.com\/wp-content\/uploads\/2024\/11\/resumenes-1536x864.webp",1536,864,true],"2048x2048":["https:\/\/elordendeloslibros.com\/wp-content\/uploads\/2024\/11\/resumenes.webp",1920,1080,false],"trp-custom-language-flag":["https:\/\/elordendeloslibros.com\/wp-content\/uploads\/2024\/11\/resumenes-18x10.webp",18,10,true]},"uagb_author_info":{"display_name":"El Orden De Los Libros","author_link":"https:\/\/elordendeloslibros.com\/en\/author\/eltecnologuiacomgmail-com\/"},"uagb_comment_info":0,"uagb_excerpt":"\u00bfNecesitas res\u00famenes de libros? \u00bfGratis y en un instante? No esperes m\u00e1s Bienvenido al lugar donde la tecnolog\u00eda se une con tu amor por la lectura. Aqu\u00ed no encontrar\u00e1s res\u00famenes guardados, sino algo mucho mejor: El Librero Virtual, un chatbot inteligente que puede ofrecerte res\u00famenes de libros personalizados en cuesti\u00f3n de segundos. Imagina poder conocer&hellip;","_links":{"self":[{"href":"https:\/\/elordendeloslibros.com\/en\/wp-json\/wp\/v2\/pages\/688","targetHints":{"allow":["GET"]}}],"collection":[{"href":"https:\/\/elordendeloslibros.com\/en\/wp-json\/wp\/v2\/pages"}],"about":[{"href":"https:\/\/elordendeloslibros.com\/en\/wp-json\/wp\/v2\/types\/page"}],"author":[{"embeddable":true,"href":"https:\/\/elordendeloslibros.com\/en\/wp-json\/wp\/v2\/users\/1"}],"replies":[{"embeddable":true,"href":"https:\/\/elordendeloslibros.com\/en\/wp-json\/wp\/v2\/comments?post=688"}],"version-history":[{"count":7,"href":"https:\/\/elordendeloslibros.com\/en\/wp-json\/wp\/v2\/pages\/688\/revisions"}],"predecessor-version":[{"id":1791,"href":"https:\/\/elordendeloslibros.com\/en\/wp-json\/wp\/v2\/pages\/688\/revisions\/1791"}],"wp:featuredmedia":[{"embeddable":true,"href":"https:\/\/elordendeloslibros.com\/en\/wp-json\/wp\/v2\/media\/698"}],"wp:attachment":[{"href":"https:\/\/elordendeloslibros.com\/en\/wp-json\/wp\/v2\/media?parent=688"}],"curies":[{"name":"wp","href":"https:\/\/api.w.org\/{rel}","templated":true}]}}