{"id":3,"date":"2024-09-14T19:21:16","date_gmt":"2024-09-14T19:21:16","guid":{"rendered":"http:\/\/elordendeloslibros.com\/?page_id=3"},"modified":"2024-10-17T08:16:21","modified_gmt":"2024-10-17T08:16:21","slug":"privacy-policy","status":"publish","type":"page","link":"https:\/\/elordendeloslibros.com\/en\/privacy-policy\/","title":{"rendered":"Privacy Policy"},"content":{"rendered":"<p>This Privacy Policy establishes the terms under which elordendeloslibros.com uses and protects the information provided by its users when using its website. This company is committed to the security of its users&#039; data. When we ask you to fill in the fields with personal information with which you can be identified, we do so ensuring that it will only be used in accordance with the terms of this document. However, this Privacy Policy may change over time or be updated, so we recommend and emphasize that you continually review this page to ensure that you agree with such changes.<\/p>\n\n\n\n<p><strong>Information that is collected<\/strong><\/p>\n\n\n\n<p>Our website may collect personal information such as: Name, contact information such as your email address and demographic information. Likewise, when necessary, specific information may be required to process an order or make a delivery or billing.<\/p>\n\n\n\n<p><strong>Use of the information collected<\/strong><\/p>\n\n\n\n<p>Our website uses the information in order to provide the best possible service, particularly to keep a record of users, orders if applicable, and to improve our products and services. Periodic emails may be sent through our site with special offers, new products and other advertising information that we consider relevant to you or that may provide you with some benefit. These emails will be sent to the address you provide and may be canceled at any time.<\/p>\n\n\n\n<p>elordendeloslibros.com is highly committed to fulfilling its commitment to keep your information safe. We use the most advanced systems and constantly update them to ensure that there is no unauthorized access.<\/p>\n\n\n\n<p><strong>Cookies<\/strong><\/p>\n\n\n\n<p>A cookie refers to a file that is sent for the purpose of requesting permission to be stored on your computer. By accepting said file, the file is created and the cookie then serves to have information regarding web traffic, and also facilitates future visits to a recurring website. Another function that cookies have is that with them the websites can recognize you individually and therefore provide you with the best personalized service on their website.<\/p>\n\n\n\n<p>Our website uses cookies to identify which pages are visited and how often. This information is used only for statistical analysis and is then permanently deleted. You can delete cookies at any time from your computer. However, cookies help to provide a better service on the websites. They do not give access to information about you or your computer, unless you want this and provide it directly.&nbsp;<a href=\"https:\/\/noticias-fcbarcelona.es\/\" target=\"_blank\" rel=\"noreferrer noopener\">news<\/a>You can accept or deny the use of cookies, however most browsers automatically accept cookies as it helps us to provide a better web service. You can also change your computer settings to decline cookies. If you decline them, you may not be able to use some of our services.<\/p>\n\n\n\n<p><strong>Links to Third Parties<\/strong><\/p>\n\n\n\n<p>This website may contain links to other sites that may be of interest to you. Once you click on these links and leave our page, we no longer have control over the site to which you are redirected and therefore we are not responsible for the content of any of the links.&nbsp;<a href=\"https:\/\/plantillaterminosycondicionestiendaonline.com\/\" target=\"_blank\" rel=\"noreferrer noopener\">terms or privacy<\/a>&nbsp;nor the protection of your data on these other third-party sites. These sites are subject to their own privacy policies, so it is recommended that you consult them to confirm that you agree with them.<\/p>\n\n\n\n<p><strong>Controlling your personal information<\/strong><\/p>\n\n\n\n<p>You may restrict the collection or use of your personal information provided to our website at any time. Whenever you are asked to fill out a form, such as a user registration form, you may select or unselect the option to receive information by email. If you have selected the option to receive our newsletter or advertising, you may cancel it at any time.<\/p>\n\n\n\n<p>This company will not sell, assign or distribute the personal information that is collected without your consent, unless required by a court order.<\/p>\n\n\n\n<p>elordendeloslibros.com reserves the right to change the terms of this Privacy Policy at any time.<\/p>\n\n\n\n<p>This privacy policy has been generated at eltecnologuia.com<\/p>\n\n\n\n<p><\/p>","protected":false},"excerpt":{"rendered":"<p>El presente Pol\u00edtica de Privacidad establece los t\u00e9rminos en que elordendeloslibros.com usa y protege la informaci\u00f3n que es proporcionada por sus usuarios al momento de utilizar su sitio web. Esta compa\u00f1\u00eda est\u00e1 comprometida con la seguridad de los datos de sus usuarios. Cuando le pedimos llenar los campos de informaci\u00f3n personal con la cual usted [&hellip;]<\/p>\n","protected":false},"author":1,"featured_media":0,"parent":0,"menu_order":0,"comment_status":"closed","ping_status":"closed","template":"","meta":{"_uag_custom_page_level_css":"","footnotes":""},"class_list":["post-3","page","type-page","status-publish","hentry"],"blocksy_meta":[],"featured_image_src":null,"yoast_head":"<!-- This site is optimized with the Yoast SEO plugin v27.3 - https:\/\/yoast.com\/product\/yoast-seo-wordpress\/ -->\n<title>Pol\u00edtica de Privacidad &#187; elordendeloslibros.com<\/title>\n<meta name=\"robots\" content=\"index, follow, max-snippet:-1, max-image-preview:large, max-video-preview:-1\" \/>\n<link rel=\"canonical\" href=\"https:\/\/elordendeloslibros.com\/en\/privacy-policy\/\" \/>\n<meta property=\"og:locale\" content=\"en_US\" \/>\n<meta property=\"og:type\" content=\"article\" \/>\n<meta property=\"og:title\" content=\"Pol\u00edtica de Privacidad &#187; elordendeloslibros.com\" \/>\n<meta property=\"og:description\" content=\"El presente Pol\u00edtica de Privacidad establece los t\u00e9rminos en que elordendeloslibros.com usa y protege la informaci\u00f3n que es proporcionada por sus usuarios al momento de utilizar su sitio web. Esta compa\u00f1\u00eda est\u00e1 comprometida con la seguridad de los datos de sus usuarios. Cuando le pedimos llenar los campos de informaci\u00f3n personal con la cual usted [&hellip;]\" \/>\n<meta property=\"og:url\" content=\"https:\/\/elordendeloslibros.com\/en\/privacy-policy\/\" \/>\n<meta property=\"og:site_name\" content=\"elordendeloslibros.com\" \/>\n<meta property=\"article:modified_time\" content=\"2024-10-17T08:16:21+00:00\" \/>\n<meta property=\"og:image\" content=\"https:\/\/elordendeloslibros.com\/wp-content\/uploads\/2025\/03\/Logo-verde.png\" \/>\n\t<meta property=\"og:image:width\" content=\"1920\" \/>\n\t<meta property=\"og:image:height\" content=\"1080\" \/>\n\t<meta property=\"og:image:type\" content=\"image\/png\" \/>\n<meta name=\"twitter:card\" content=\"summary_large_image\" \/>\n<meta name=\"twitter:label1\" content=\"Est. reading time\" \/>\n\t<meta name=\"twitter:data1\" content=\"4 minutes\" \/>\n<script type=\"application\/ld+json\" class=\"yoast-schema-graph\">{\"@context\":\"https:\\\/\\\/schema.org\",\"@graph\":[{\"@type\":\"WebPage\",\"@id\":\"https:\\\/\\\/elordendeloslibros.com\\\/politica-de-privacidad\\\/\",\"url\":\"https:\\\/\\\/elordendeloslibros.com\\\/politica-de-privacidad\\\/\",\"name\":\"Pol\u00edtica de Privacidad &#187; elordendeloslibros.com\",\"isPartOf\":{\"@id\":\"https:\\\/\\\/elordendeloslibros.com\\\/#website\"},\"datePublished\":\"2024-09-14T19:21:16+00:00\",\"dateModified\":\"2024-10-17T08:16:21+00:00\",\"breadcrumb\":{\"@id\":\"https:\\\/\\\/elordendeloslibros.com\\\/politica-de-privacidad\\\/#breadcrumb\"},\"inLanguage\":\"en-US\",\"potentialAction\":[{\"@type\":\"ReadAction\",\"target\":[\"https:\\\/\\\/elordendeloslibros.com\\\/politica-de-privacidad\\\/\"]}]},{\"@type\":\"BreadcrumbList\",\"@id\":\"https:\\\/\\\/elordendeloslibros.com\\\/politica-de-privacidad\\\/#breadcrumb\",\"itemListElement\":[{\"@type\":\"ListItem\",\"position\":1,\"name\":\"Portada\",\"item\":\"https:\\\/\\\/elordendeloslibros.com\\\/\"},{\"@type\":\"ListItem\",\"position\":2,\"name\":\"Pol\u00edtica de Privacidad\"}]},{\"@type\":\"WebSite\",\"@id\":\"https:\\\/\\\/elordendeloslibros.com\\\/#website\",\"url\":\"https:\\\/\\\/elordendeloslibros.com\\\/\",\"name\":\"El Orden de los Libros\",\"description\":\"\u00bfTe gusta leer? Magn\u00edfico. Est\u00e1s en tu casa.\",\"publisher\":{\"@id\":\"https:\\\/\\\/elordendeloslibros.com\\\/#\\\/schema\\\/person\\\/b1a72b9ec129b82c6097e1b5e6ec2825\"},\"potentialAction\":[{\"@type\":\"SearchAction\",\"target\":{\"@type\":\"EntryPoint\",\"urlTemplate\":\"https:\\\/\\\/elordendeloslibros.com\\\/?s={search_term_string}\"},\"query-input\":{\"@type\":\"PropertyValueSpecification\",\"valueRequired\":true,\"valueName\":\"search_term_string\"}}],\"inLanguage\":\"en-US\"},{\"@type\":[\"Person\",\"Organization\"],\"@id\":\"https:\\\/\\\/elordendeloslibros.com\\\/#\\\/schema\\\/person\\\/b1a72b9ec129b82c6097e1b5e6ec2825\",\"name\":\"El Orden De Los Libros\",\"image\":{\"@type\":\"ImageObject\",\"inLanguage\":\"en-US\",\"@id\":\"https:\\\/\\\/elordendeloslibros.com\\\/wp-content\\\/uploads\\\/2025\\\/03\\\/Logo-minimal-cuadrado.png\",\"url\":\"https:\\\/\\\/elordendeloslibros.com\\\/wp-content\\\/uploads\\\/2025\\\/03\\\/Logo-minimal-cuadrado.png\",\"contentUrl\":\"https:\\\/\\\/elordendeloslibros.com\\\/wp-content\\\/uploads\\\/2025\\\/03\\\/Logo-minimal-cuadrado.png\",\"width\":1024,\"height\":1024,\"caption\":\"El Orden De Los Libros\"},\"logo\":{\"@id\":\"https:\\\/\\\/elordendeloslibros.com\\\/wp-content\\\/uploads\\\/2025\\\/03\\\/Logo-minimal-cuadrado.png\"},\"sameAs\":[\"http:\\\/\\\/elordendeloslibros.com\"]}]}<\/script>\n<!-- \/ Yoast SEO plugin. -->","yoast_head_json":{"title":"Privacy Policy \u00bb elordendeloslibros.com","robots":{"index":"index","follow":"follow","max-snippet":"max-snippet:-1","max-image-preview":"max-image-preview:large","max-video-preview":"max-video-preview:-1"},"canonical":"https:\/\/elordendeloslibros.com\/en\/privacy-policy\/","og_locale":"en_US","og_type":"article","og_title":"Pol\u00edtica de Privacidad &#187; elordendeloslibros.com","og_description":"El presente Pol\u00edtica de Privacidad establece los t\u00e9rminos en que elordendeloslibros.com usa y protege la informaci\u00f3n que es proporcionada por sus usuarios al momento de utilizar su sitio web. Esta compa\u00f1\u00eda est\u00e1 comprometida con la seguridad de los datos de sus usuarios. Cuando le pedimos llenar los campos de informaci\u00f3n personal con la cual usted [&hellip;]","og_url":"https:\/\/elordendeloslibros.com\/en\/privacy-policy\/","og_site_name":"elordendeloslibros.com","article_modified_time":"2024-10-17T08:16:21+00:00","og_image":[{"width":1920,"height":1080,"url":"https:\/\/elordendeloslibros.com\/wp-content\/uploads\/2025\/03\/Logo-verde.png","type":"image\/png"}],"twitter_card":"summary_large_image","twitter_misc":{"Est. reading time":"4 minutes"},"schema":{"@context":"https:\/\/schema.org","@graph":[{"@type":"WebPage","@id":"https:\/\/elordendeloslibros.com\/politica-de-privacidad\/","url":"https:\/\/elordendeloslibros.com\/politica-de-privacidad\/","name":"Privacy Policy \u00bb elordendeloslibros.com","isPartOf":{"@id":"https:\/\/elordendeloslibros.com\/#website"},"datePublished":"2024-09-14T19:21:16+00:00","dateModified":"2024-10-17T08:16:21+00:00","breadcrumb":{"@id":"https:\/\/elordendeloslibros.com\/politica-de-privacidad\/#breadcrumb"},"inLanguage":"en-US","potentialAction":[{"@type":"ReadAction","target":["https:\/\/elordendeloslibros.com\/politica-de-privacidad\/"]}]},{"@type":"BreadcrumbList","@id":"https:\/\/elordendeloslibros.com\/politica-de-privacidad\/#breadcrumb","itemListElement":[{"@type":"ListItem","position":1,"name":"Portada","item":"https:\/\/elordendeloslibros.com\/"},{"@type":"ListItem","position":2,"name":"Pol\u00edtica de Privacidad"}]},{"@type":"WebSite","@id":"https:\/\/elordendeloslibros.com\/#website","url":"https:\/\/elordendeloslibros.com\/","name":"The Order of Books","description":"Do you like to read? Great. You&#039;re at home.","publisher":{"@id":"https:\/\/elordendeloslibros.com\/#\/schema\/person\/b1a72b9ec129b82c6097e1b5e6ec2825"},"potentialAction":[{"@type":"SearchAction","target":{"@type":"EntryPoint","urlTemplate":"https:\/\/elordendeloslibros.com\/?s={search_term_string}"},"query-input":{"@type":"PropertyValueSpecification","valueRequired":true,"valueName":"search_term_string"}}],"inLanguage":"en-US"},{"@type":["Person","Organization"],"@id":"https:\/\/elordendeloslibros.com\/#\/schema\/person\/b1a72b9ec129b82c6097e1b5e6ec2825","name":"The Order of the Books","image":{"@type":"ImageObject","inLanguage":"en-US","@id":"https:\/\/elordendeloslibros.com\/wp-content\/uploads\/2025\/03\/Logo-minimal-cuadrado.png","url":"https:\/\/elordendeloslibros.com\/wp-content\/uploads\/2025\/03\/Logo-minimal-cuadrado.png","contentUrl":"https:\/\/elordendeloslibros.com\/wp-content\/uploads\/2025\/03\/Logo-minimal-cuadrado.png","width":1024,"height":1024,"caption":"El Orden De Los Libros"},"logo":{"@id":"https:\/\/elordendeloslibros.com\/wp-content\/uploads\/2025\/03\/Logo-minimal-cuadrado.png"},"sameAs":["http:\/\/elordendeloslibros.com"]}]}},"uagb_featured_image_src":{"full":false,"thumbnail":false,"medium":false,"medium_large":false,"large":false,"1536x1536":false,"2048x2048":false,"trp-custom-language-flag":false},"uagb_author_info":{"display_name":"El Orden De Los Libros","author_link":"https:\/\/elordendeloslibros.com\/en\/author\/eltecnologuiacomgmail-com\/"},"uagb_comment_info":0,"uagb_excerpt":"El presente Pol\u00edtica de Privacidad establece los t\u00e9rminos en que elordendeloslibros.com usa y protege la informaci\u00f3n que es proporcionada por sus usuarios al momento de utilizar su sitio web. Esta compa\u00f1\u00eda est\u00e1 comprometida con la seguridad de los datos de sus usuarios. Cuando le pedimos llenar los campos de informaci\u00f3n personal con la cual usted&hellip;","_links":{"self":[{"href":"https:\/\/elordendeloslibros.com\/en\/wp-json\/wp\/v2\/pages\/3","targetHints":{"allow":["GET"]}}],"collection":[{"href":"https:\/\/elordendeloslibros.com\/en\/wp-json\/wp\/v2\/pages"}],"about":[{"href":"https:\/\/elordendeloslibros.com\/en\/wp-json\/wp\/v2\/types\/page"}],"author":[{"embeddable":true,"href":"https:\/\/elordendeloslibros.com\/en\/wp-json\/wp\/v2\/users\/1"}],"replies":[{"embeddable":true,"href":"https:\/\/elordendeloslibros.com\/en\/wp-json\/wp\/v2\/comments?post=3"}],"version-history":[{"count":2,"href":"https:\/\/elordendeloslibros.com\/en\/wp-json\/wp\/v2\/pages\/3\/revisions"}],"predecessor-version":[{"id":131,"href":"https:\/\/elordendeloslibros.com\/en\/wp-json\/wp\/v2\/pages\/3\/revisions\/131"}],"wp:attachment":[{"href":"https:\/\/elordendeloslibros.com\/en\/wp-json\/wp\/v2\/media?parent=3"}],"curies":[{"name":"wp","href":"https:\/\/api.w.org\/{rel}","templated":true}]}}