{"id":2141,"date":"2025-03-30T06:45:39","date_gmt":"2025-03-30T06:45:39","guid":{"rendered":"https:\/\/elordendeloslibros.com\/?page_id=2141"},"modified":"2025-03-30T06:45:41","modified_gmt":"2025-03-30T06:45:41","slug":"free-books-and-audiobooks","status":"publish","type":"page","link":"https:\/\/elordendeloslibros.com\/en\/free-books-and-audiobooks\/","title":{"rendered":"Thousands of free books and audiobooks in one click"},"content":{"rendered":"<figure class=\"wp-block-image size-large\"><img loading=\"lazy\" decoding=\"async\" width=\"1024\" height=\"307\" src=\"https:\/\/elordendeloslibros.com\/wp-content\/uploads\/2025\/03\/banner-horizontal-audibne-1024x307.webp\" alt=\"\" class=\"wp-image-1879\" srcset=\"https:\/\/elordendeloslibros.com\/wp-content\/uploads\/2025\/03\/banner-horizontal-audibne-1024x307.webp 1024w, https:\/\/elordendeloslibros.com\/wp-content\/uploads\/2025\/03\/banner-horizontal-audibne-300x90.webp 300w, https:\/\/elordendeloslibros.com\/wp-content\/uploads\/2025\/03\/banner-horizontal-audibne-768x230.webp 768w, https:\/\/elordendeloslibros.com\/wp-content\/uploads\/2025\/03\/banner-horizontal-audibne-1536x461.webp 1536w, https:\/\/elordendeloslibros.com\/wp-content\/uploads\/2025\/03\/banner-horizontal-audibne-2048x614.webp 2048w, https:\/\/elordendeloslibros.com\/wp-content\/uploads\/2025\/03\/banner-horizontal-audibne-18x5.webp 18w\" sizes=\"auto, (max-width: 1024px) 100vw, 1024px\" \/><\/figure>\n\n\n\n<p>You&#039;ve probably wondered where <a href=\"https:\/\/elordendeloslibros.com\/en\/the-best-pages-to-download-free-books-and-read-online\/\">get books<\/a> either <a href=\"https:\/\/elordendeloslibros.com\/en\/audible-one-of-my-favorites-to-listen-to-free-books-wherever-you-want\/\">free audiobooks<\/a>, legally and without problems.<\/p>\n\n\n\n<p>Fortunately, there are some well-known websites that will allow you to <strong>access thousands of books and audiobooks completely free<\/strong> at least for several months. <\/p>\n\n\n\n<p>I&#039;ll leave you my favorites.<\/p>\n\n\n\n<h2 class=\"wp-block-heading\">Amazon Audible<\/h2>\n\n\n\n<p>Amazon&#039;s audiobook platform has the best catalog of all, and the best part is that it gives you up to 3 months completely free to listen to all the books you want.<\/p>\n\n\n\n<h3 class=\"wp-block-heading\">Benefits of Audible:<\/h3>\n\n\n\n<ul class=\"wp-block-list\">\n<li><strong>Unlimited access to the catalog<\/strong> from the Audible subscription.<\/li>\n\n\n\n<li><strong>Exclusive content<\/strong> such as Frankenstein narrated by Quim Guti\u00e9rrez, You won&#039;t believe it, In case the voices return, the Harry Potter saga narrated by Leonor Watling, Why do we kill?, Sherlock Holmes narrated by Jose Coronado and many more.<\/li>\n\n\n\n<li><strong>Listen whenever and wherever you want<\/strong>, even offline, through the Audible app.<\/li>\n\n\n\n<li><strong>Ask Alexa to start your audiobook<\/strong>, skip to the next chapter and much more.<\/li>\n\n\n\n<li>Free 30-day trial, 3 months for Amazon Prime members. Otherwise, 30 days. After that, Audible costs \u20ac9.99\/month (automatically renewed).<\/li>\n\n\n\n<li><strong>Free cancellation<\/strong> whenever.<\/li>\n<\/ul>\n\n\n\n<p class=\"has-text-align-center\"><strong>Click the banner to enjoy your 3 free months of Audible.<\/strong><\/p>\n\n\n\n<figure class=\"wp-block-image aligncenter size-large is-resized\"><a href=\"https:\/\/www.amazon.es\/hz\/audible\/mlp\/mdp\/discovery?actionCode=AMSTM1450129210001&amp;tag=domoticode-21\" target=\"_blank\" rel=\" noreferrer noopener\"><img loading=\"lazy\" decoding=\"async\" width=\"1024\" height=\"1024\" src=\"https:\/\/elordendeloslibros.com\/wp-content\/uploads\/2025\/03\/Audible-3-1024x1024.png\" alt=\"\" class=\"wp-image-1896\" style=\"width:412px;height:auto\" srcset=\"https:\/\/elordendeloslibros.com\/wp-content\/uploads\/2025\/03\/Audible-3-1024x1024.png 1024w, https:\/\/elordendeloslibros.com\/wp-content\/uploads\/2025\/03\/Audible-3-300x300.png 300w, https:\/\/elordendeloslibros.com\/wp-content\/uploads\/2025\/03\/Audible-3-150x150.png 150w, https:\/\/elordendeloslibros.com\/wp-content\/uploads\/2025\/03\/Audible-3-768x768.png 768w, https:\/\/elordendeloslibros.com\/wp-content\/uploads\/2025\/03\/Audible-3-12x12.png 12w, https:\/\/elordendeloslibros.com\/wp-content\/uploads\/2025\/03\/Audible-3.png 1080w\" sizes=\"auto, (max-width: 1024px) 100vw, 1024px\" \/><\/a><\/figure>\n\n\n\n<h2 class=\"wp-block-heading\">Amazon Kindle Unlimited<\/h2>\n\n\n\n<p>I&#039;m sure you&#039;ve heard of it too. The most popular app for reading free books and ebooks\u2014or paid ones if you want them\u2014and it gives you the option to enjoy it completely free of charge.<\/p>\n\n\n\n<h3 class=\"wp-block-heading\">Amazon Kindle Unlimited offers you:<\/h3>\n\n\n\n<ul class=\"wp-block-list\">\n<li><strong>More than a million eBooks<\/strong> of all styles.<\/li>\n\n\n\n<li>Access specific discounts and <strong>completely free books<\/strong>.<\/li>\n\n\n\n<li><strong>Comics <\/strong>and graphic novels.<\/li>\n\n\n\n<li>Can <strong>read wherever and whenever you want<\/strong> with the free Kindle app.<\/li>\n\n\n\n<li>30-day free trial.<\/li>\n\n\n\n<li>Upon expiration, the subscription will cost \u20ac9.99 per month.<\/li>\n\n\n\n<li>You can unsubscribe at any time.<\/li>\n<\/ul>\n\n\n\n<p class=\"has-text-align-center\"><strong>Click the banner to enjoy your 30 days of free Kindle Unlimited.<\/strong><\/p>\n\n\n\n<figure class=\"wp-block-image aligncenter size-full\"><a href=\"https:\/\/www.amazon.es\/kindle-dbs\/hz\/subscribe\/ku?tag=domoticode-21\"><img loading=\"lazy\" decoding=\"async\" width=\"400\" height=\"400\" src=\"https:\/\/elordendeloslibros.com\/wp-content\/uploads\/2025\/01\/PRUEBALO-GRATIS-30-DIAS-1.webp\" alt=\"\" class=\"wp-image-1070\" srcset=\"https:\/\/elordendeloslibros.com\/wp-content\/uploads\/2025\/01\/PRUEBALO-GRATIS-30-DIAS-1.webp 400w, https:\/\/elordendeloslibros.com\/wp-content\/uploads\/2025\/01\/PRUEBALO-GRATIS-30-DIAS-1-300x300.webp 300w, https:\/\/elordendeloslibros.com\/wp-content\/uploads\/2025\/01\/PRUEBALO-GRATIS-30-DIAS-1-150x150.webp 150w, https:\/\/elordendeloslibros.com\/wp-content\/uploads\/2025\/01\/PRUEBALO-GRATIS-30-DIAS-1-12x12.webp 12w\" sizes=\"auto, (max-width: 400px) 100vw, 400px\" \/><\/a><\/figure>\n\n\n\n<h2 class=\"wp-block-heading\">Nextory<\/h2>\n\n\n\n<p>Another of the most used tools, where you can collect everything from books to audiobooks and much more. The app offers a free 3-week trial so you can decide if it&#039;s worth it for you. <strong>Spoiler: it does pay off<\/strong>\u2026<\/p>\n\n\n\n<h3 class=\"wp-block-heading\">Benefits of Nextory<\/h3>\n\n\n\n<ul class=\"wp-block-list\">\n<li>Nextory offers a <strong>large selection with thousands of books<\/strong> and audiobooks.<\/li>\n\n\n\n<li>For a flat monthly fee, you can read and listen to as much as you want.<\/li>\n\n\n\n<li>Nextory offers <strong>several different subscriptions<\/strong>: Gold and Family, from which you can choose the one that suits you best. <\/li>\n\n\n\n<li>With Nextory, <strong>the whole family <\/strong>You can always find new and exciting titles to read. <\/li>\n\n\n\n<li>Also <strong>you can create child profiles<\/strong> individual with books suitable for the little ones.<\/li>\n\n\n\n<li>You will find the latest <strong>news, classics, autobiographies and memoirs<\/strong>, exciting detective stories and much more. <\/li>\n\n\n\n<li>The Nextory app is available both <strong>for iOS and Android<\/strong>.<\/li>\n<\/ul>\n\n\n\n<p class=\"has-text-align-center\"><strong>Click the banner to enjoy your 3 free weeks of Kindle Unlimited.<\/strong><\/p>\n\n\n\n<div class=\"wp-block-uagb-container uagb-block-abede89f alignfull uagb-is-root-container\"><div class=\"uagb-container-inner-blocks-wrap\">\n<div class=\"wp-block-uagb-container uagb-block-81a319db\"><\/div>\n\n\n\n<div class=\"wp-block-uagb-container uagb-block-1d94850d\">\n<a href=\"https:\/\/go.adt242.com\/t\/t?a=1946775399&#038;as=1959805237&#038;t=2&#038;tk=1\" target=\"_blank\" ><img loading=\"lazy\" decoding=\"async\" src=\"https:\/\/track.adtraction.com\/t\/t?a=1946775399&#038;as=1959805237&#038;t=1&#038;tk=1&#038;i=1\" width=\"300\" height=\"250\" border=\"0\"><\/a>\n<\/div>\n\n\n\n<div class=\"wp-block-uagb-container uagb-block-4aa29580\"><\/div>\n<\/div><\/div>","protected":false},"excerpt":{"rendered":"<p>Seguramente te hayas preguntado d\u00f3nde conseguir libros o audiolibros gratis, de manera legal y sin problemas. Afortunadamente hay algunas webs m\u00e1s que conocidas que te permitir\u00e1n acceder a miles de libros y audiolibros de forma completamente gratuita al menos durante varios meses. Te dejo mis favoritas. Audible de Amazon La plataforma de audiolibros de Amazon [&hellip;]<\/p>\n","protected":false},"author":1,"featured_media":1879,"parent":0,"menu_order":0,"comment_status":"closed","ping_status":"closed","template":"","meta":{"_uag_custom_page_level_css":"","footnotes":""},"class_list":["post-2141","page","type-page","status-publish","has-post-thumbnail","hentry"],"blocksy_meta":[],"featured_image_src":"https:\/\/elordendeloslibros.com\/wp-content\/uploads\/2025\/03\/banner-horizontal-audibne.webp","yoast_head":"<!-- This site is optimized with the Yoast SEO plugin v27.4 - https:\/\/yoast.com\/product\/yoast-seo-wordpress\/ -->\n<title>Miles de libros y audiolibros gratis en un click<\/title>\n<meta name=\"description\" content=\"Obt\u00e9n acceso a las mejores plataformas de libros y audiolibros gratis con Audible, Kindle Unlimited o Nextoru\" \/>\n<meta name=\"robots\" content=\"index, follow, max-snippet:-1, max-image-preview:large, max-video-preview:-1\" \/>\n<link rel=\"canonical\" href=\"https:\/\/elordendeloslibros.com\/en\/free-books-and-audiobooks\/\" \/>\n<meta property=\"og:locale\" content=\"en_US\" \/>\n<meta property=\"og:type\" content=\"article\" \/>\n<meta property=\"og:title\" content=\"Miles de libros y audiolibros gratis en un click\" \/>\n<meta property=\"og:description\" content=\"Obt\u00e9n acceso a las mejores plataformas de libros y audiolibros gratis con Audible, Kindle Unlimited o Nextoru\" \/>\n<meta property=\"og:url\" content=\"https:\/\/elordendeloslibros.com\/en\/free-books-and-audiobooks\/\" \/>\n<meta property=\"og:site_name\" content=\"elordendeloslibros.com\" \/>\n<meta property=\"article:modified_time\" content=\"2025-03-30T06:45:41+00:00\" \/>\n<meta property=\"og:image\" content=\"https:\/\/elordendeloslibros.com\/wp-content\/uploads\/2025\/03\/banner-horizontal-audibne.webp\" \/>\n\t<meta property=\"og:image:width\" content=\"2500\" \/>\n\t<meta property=\"og:image:height\" content=\"750\" \/>\n\t<meta property=\"og:image:type\" content=\"image\/webp\" \/>\n<meta name=\"twitter:card\" content=\"summary_large_image\" \/>\n<meta name=\"twitter:label1\" content=\"Est. reading time\" \/>\n\t<meta name=\"twitter:data1\" content=\"4 minutes\" \/>\n<script type=\"application\/ld+json\" class=\"yoast-schema-graph\">{\"@context\":\"https:\\\/\\\/schema.org\",\"@graph\":[{\"@type\":\"WebPage\",\"@id\":\"https:\\\/\\\/elordendeloslibros.com\\\/libros-y-audiolibros-gratis\\\/\",\"url\":\"https:\\\/\\\/elordendeloslibros.com\\\/libros-y-audiolibros-gratis\\\/\",\"name\":\"Miles de libros y audiolibros gratis en un click\",\"isPartOf\":{\"@id\":\"https:\\\/\\\/elordendeloslibros.com\\\/#website\"},\"primaryImageOfPage\":{\"@id\":\"https:\\\/\\\/elordendeloslibros.com\\\/libros-y-audiolibros-gratis\\\/#primaryimage\"},\"image\":{\"@id\":\"https:\\\/\\\/elordendeloslibros.com\\\/libros-y-audiolibros-gratis\\\/#primaryimage\"},\"thumbnailUrl\":\"https:\\\/\\\/elordendeloslibros.com\\\/wp-content\\\/uploads\\\/2025\\\/03\\\/banner-horizontal-audibne.webp\",\"datePublished\":\"2025-03-30T06:45:39+00:00\",\"dateModified\":\"2025-03-30T06:45:41+00:00\",\"description\":\"Obt\u00e9n acceso a las mejores plataformas de libros y audiolibros gratis con Audible, Kindle Unlimited o Nextoru\",\"breadcrumb\":{\"@id\":\"https:\\\/\\\/elordendeloslibros.com\\\/libros-y-audiolibros-gratis\\\/#breadcrumb\"},\"inLanguage\":\"en-US\",\"potentialAction\":[{\"@type\":\"ReadAction\",\"target\":[\"https:\\\/\\\/elordendeloslibros.com\\\/libros-y-audiolibros-gratis\\\/\"]}]},{\"@type\":\"ImageObject\",\"inLanguage\":\"en-US\",\"@id\":\"https:\\\/\\\/elordendeloslibros.com\\\/libros-y-audiolibros-gratis\\\/#primaryimage\",\"url\":\"https:\\\/\\\/elordendeloslibros.com\\\/wp-content\\\/uploads\\\/2025\\\/03\\\/banner-horizontal-audibne.webp\",\"contentUrl\":\"https:\\\/\\\/elordendeloslibros.com\\\/wp-content\\\/uploads\\\/2025\\\/03\\\/banner-horizontal-audibne.webp\",\"width\":2500,\"height\":750},{\"@type\":\"BreadcrumbList\",\"@id\":\"https:\\\/\\\/elordendeloslibros.com\\\/libros-y-audiolibros-gratis\\\/#breadcrumb\",\"itemListElement\":[{\"@type\":\"ListItem\",\"position\":1,\"name\":\"Portada\",\"item\":\"https:\\\/\\\/elordendeloslibros.com\\\/\"},{\"@type\":\"ListItem\",\"position\":2,\"name\":\"Miles de libros y audiolibros gratis en un click\"}]},{\"@type\":\"WebSite\",\"@id\":\"https:\\\/\\\/elordendeloslibros.com\\\/#website\",\"url\":\"https:\\\/\\\/elordendeloslibros.com\\\/\",\"name\":\"El Orden de los Libros\",\"description\":\"\u00bfTe gusta leer? Magn\u00edfico. Est\u00e1s en tu casa.\",\"publisher\":{\"@id\":\"https:\\\/\\\/elordendeloslibros.com\\\/#\\\/schema\\\/person\\\/b1a72b9ec129b82c6097e1b5e6ec2825\"},\"potentialAction\":[{\"@type\":\"SearchAction\",\"target\":{\"@type\":\"EntryPoint\",\"urlTemplate\":\"https:\\\/\\\/elordendeloslibros.com\\\/?s={search_term_string}\"},\"query-input\":{\"@type\":\"PropertyValueSpecification\",\"valueRequired\":true,\"valueName\":\"search_term_string\"}}],\"inLanguage\":\"en-US\"},{\"@type\":[\"Person\",\"Organization\"],\"@id\":\"https:\\\/\\\/elordendeloslibros.com\\\/#\\\/schema\\\/person\\\/b1a72b9ec129b82c6097e1b5e6ec2825\",\"name\":\"El Orden De Los Libros\",\"image\":{\"@type\":\"ImageObject\",\"inLanguage\":\"en-US\",\"@id\":\"https:\\\/\\\/elordendeloslibros.com\\\/wp-content\\\/uploads\\\/2025\\\/03\\\/Logo-minimal-cuadrado.png\",\"url\":\"https:\\\/\\\/elordendeloslibros.com\\\/wp-content\\\/uploads\\\/2025\\\/03\\\/Logo-minimal-cuadrado.png\",\"contentUrl\":\"https:\\\/\\\/elordendeloslibros.com\\\/wp-content\\\/uploads\\\/2025\\\/03\\\/Logo-minimal-cuadrado.png\",\"width\":1024,\"height\":1024,\"caption\":\"El Orden De Los Libros\"},\"logo\":{\"@id\":\"https:\\\/\\\/elordendeloslibros.com\\\/wp-content\\\/uploads\\\/2025\\\/03\\\/Logo-minimal-cuadrado.png\"},\"sameAs\":[\"http:\\\/\\\/elordendeloslibros.com\"]}]}<\/script>\n<!-- \/ Yoast SEO plugin. -->","yoast_head_json":{"title":"Thousands of free books and audiobooks in one click","description":"Get access to the best free book and audiobook platforms with Audible, Kindle Unlimited, or Nextoru","robots":{"index":"index","follow":"follow","max-snippet":"max-snippet:-1","max-image-preview":"max-image-preview:large","max-video-preview":"max-video-preview:-1"},"canonical":"https:\/\/elordendeloslibros.com\/en\/free-books-and-audiobooks\/","og_locale":"en_US","og_type":"article","og_title":"Miles de libros y audiolibros gratis en un click","og_description":"Obt\u00e9n acceso a las mejores plataformas de libros y audiolibros gratis con Audible, Kindle Unlimited o Nextoru","og_url":"https:\/\/elordendeloslibros.com\/en\/free-books-and-audiobooks\/","og_site_name":"elordendeloslibros.com","article_modified_time":"2025-03-30T06:45:41+00:00","og_image":[{"width":2500,"height":750,"url":"https:\/\/elordendeloslibros.com\/wp-content\/uploads\/2025\/03\/banner-horizontal-audibne.webp","type":"image\/webp"}],"twitter_card":"summary_large_image","twitter_misc":{"Est. reading time":"4 minutes"},"schema":{"@context":"https:\/\/schema.org","@graph":[{"@type":"WebPage","@id":"https:\/\/elordendeloslibros.com\/libros-y-audiolibros-gratis\/","url":"https:\/\/elordendeloslibros.com\/libros-y-audiolibros-gratis\/","name":"Thousands of free books and audiobooks in one click","isPartOf":{"@id":"https:\/\/elordendeloslibros.com\/#website"},"primaryImageOfPage":{"@id":"https:\/\/elordendeloslibros.com\/libros-y-audiolibros-gratis\/#primaryimage"},"image":{"@id":"https:\/\/elordendeloslibros.com\/libros-y-audiolibros-gratis\/#primaryimage"},"thumbnailUrl":"https:\/\/elordendeloslibros.com\/wp-content\/uploads\/2025\/03\/banner-horizontal-audibne.webp","datePublished":"2025-03-30T06:45:39+00:00","dateModified":"2025-03-30T06:45:41+00:00","description":"Get access to the best free book and audiobook platforms with Audible, Kindle Unlimited, or Nextoru","breadcrumb":{"@id":"https:\/\/elordendeloslibros.com\/libros-y-audiolibros-gratis\/#breadcrumb"},"inLanguage":"en-US","potentialAction":[{"@type":"ReadAction","target":["https:\/\/elordendeloslibros.com\/libros-y-audiolibros-gratis\/"]}]},{"@type":"ImageObject","inLanguage":"en-US","@id":"https:\/\/elordendeloslibros.com\/libros-y-audiolibros-gratis\/#primaryimage","url":"https:\/\/elordendeloslibros.com\/wp-content\/uploads\/2025\/03\/banner-horizontal-audibne.webp","contentUrl":"https:\/\/elordendeloslibros.com\/wp-content\/uploads\/2025\/03\/banner-horizontal-audibne.webp","width":2500,"height":750},{"@type":"BreadcrumbList","@id":"https:\/\/elordendeloslibros.com\/libros-y-audiolibros-gratis\/#breadcrumb","itemListElement":[{"@type":"ListItem","position":1,"name":"Portada","item":"https:\/\/elordendeloslibros.com\/"},{"@type":"ListItem","position":2,"name":"Miles de libros y audiolibros gratis en un click"}]},{"@type":"WebSite","@id":"https:\/\/elordendeloslibros.com\/#website","url":"https:\/\/elordendeloslibros.com\/","name":"The Order of Books","description":"Do you like to read? Great. You&#039;re at home.","publisher":{"@id":"https:\/\/elordendeloslibros.com\/#\/schema\/person\/b1a72b9ec129b82c6097e1b5e6ec2825"},"potentialAction":[{"@type":"SearchAction","target":{"@type":"EntryPoint","urlTemplate":"https:\/\/elordendeloslibros.com\/?s={search_term_string}"},"query-input":{"@type":"PropertyValueSpecification","valueRequired":true,"valueName":"search_term_string"}}],"inLanguage":"en-US"},{"@type":["Person","Organization"],"@id":"https:\/\/elordendeloslibros.com\/#\/schema\/person\/b1a72b9ec129b82c6097e1b5e6ec2825","name":"The Order of the Books","image":{"@type":"ImageObject","inLanguage":"en-US","@id":"https:\/\/elordendeloslibros.com\/wp-content\/uploads\/2025\/03\/Logo-minimal-cuadrado.png","url":"https:\/\/elordendeloslibros.com\/wp-content\/uploads\/2025\/03\/Logo-minimal-cuadrado.png","contentUrl":"https:\/\/elordendeloslibros.com\/wp-content\/uploads\/2025\/03\/Logo-minimal-cuadrado.png","width":1024,"height":1024,"caption":"El Orden De Los Libros"},"logo":{"@id":"https:\/\/elordendeloslibros.com\/wp-content\/uploads\/2025\/03\/Logo-minimal-cuadrado.png"},"sameAs":["http:\/\/elordendeloslibros.com"]}]}},"uagb_featured_image_src":{"full":["https:\/\/elordendeloslibros.com\/wp-content\/uploads\/2025\/03\/banner-horizontal-audibne.webp",2500,750,false],"thumbnail":["https:\/\/elordendeloslibros.com\/wp-content\/uploads\/2025\/03\/banner-horizontal-audibne-150x150.webp",150,150,true],"medium":["https:\/\/elordendeloslibros.com\/wp-content\/uploads\/2025\/03\/banner-horizontal-audibne-300x90.webp",300,90,true],"medium_large":["https:\/\/elordendeloslibros.com\/wp-content\/uploads\/2025\/03\/banner-horizontal-audibne-768x230.webp",768,230,true],"large":["https:\/\/elordendeloslibros.com\/wp-content\/uploads\/2025\/03\/banner-horizontal-audibne-1024x307.webp",1024,307,true],"1536x1536":["https:\/\/elordendeloslibros.com\/wp-content\/uploads\/2025\/03\/banner-horizontal-audibne-1536x461.webp",1536,461,true],"2048x2048":["https:\/\/elordendeloslibros.com\/wp-content\/uploads\/2025\/03\/banner-horizontal-audibne-2048x614.webp",2048,614,true],"trp-custom-language-flag":["https:\/\/elordendeloslibros.com\/wp-content\/uploads\/2025\/03\/banner-horizontal-audibne-18x5.webp",18,5,true]},"uagb_author_info":{"display_name":"El Orden De Los Libros","author_link":"https:\/\/elordendeloslibros.com\/en\/author\/eltecnologuiacomgmail-com\/"},"uagb_comment_info":0,"uagb_excerpt":"Seguramente te hayas preguntado d\u00f3nde conseguir libros o audiolibros gratis, de manera legal y sin problemas. Afortunadamente hay algunas webs m\u00e1s que conocidas que te permitir\u00e1n acceder a miles de libros y audiolibros de forma completamente gratuita al menos durante varios meses. Te dejo mis favoritas. Audible de Amazon La plataforma de audiolibros de Amazon&hellip;","_links":{"self":[{"href":"https:\/\/elordendeloslibros.com\/en\/wp-json\/wp\/v2\/pages\/2141","targetHints":{"allow":["GET"]}}],"collection":[{"href":"https:\/\/elordendeloslibros.com\/en\/wp-json\/wp\/v2\/pages"}],"about":[{"href":"https:\/\/elordendeloslibros.com\/en\/wp-json\/wp\/v2\/types\/page"}],"author":[{"embeddable":true,"href":"https:\/\/elordendeloslibros.com\/en\/wp-json\/wp\/v2\/users\/1"}],"replies":[{"embeddable":true,"href":"https:\/\/elordendeloslibros.com\/en\/wp-json\/wp\/v2\/comments?post=2141"}],"version-history":[{"count":1,"href":"https:\/\/elordendeloslibros.com\/en\/wp-json\/wp\/v2\/pages\/2141\/revisions"}],"predecessor-version":[{"id":2142,"href":"https:\/\/elordendeloslibros.com\/en\/wp-json\/wp\/v2\/pages\/2141\/revisions\/2142"}],"wp:featuredmedia":[{"embeddable":true,"href":"https:\/\/elordendeloslibros.com\/en\/wp-json\/wp\/v2\/media\/1879"}],"wp:attachment":[{"href":"https:\/\/elordendeloslibros.com\/en\/wp-json\/wp\/v2\/media?parent=2141"}],"curies":[{"name":"wp","href":"https:\/\/api.w.org\/{rel}","templated":true}]}}